{"id":46,"date":"2020-02-06T15:58:09","date_gmt":"2020-02-06T14:58:09","guid":{"rendered":"http:\/\/umanagement.net\/?page_id=46"},"modified":"2020-05-28T11:47:59","modified_gmt":"2020-05-28T09:47:59","slug":"politique-confidentialite","status":"publish","type":"page","link":"https:\/\/umanagement.net\/fr\/politique-confidentialite\/","title":{"rendered":"politique de confidentialit\u00e9"},"content":{"rendered":"\t\t<div data-elementor-type=\"wp-page\" data-elementor-id=\"46\" class=\"elementor elementor-46\" data-elementor-settings=\"[]\">\n\t\t\t\t\t\t<div class=\"elementor-inner\">\n\t\t\t\t\t\t\t<div class=\"elementor-section-wrap\">\n\t\t\t\t\t\t\t<section class=\"elementor-section elementor-top-section elementor-element elementor-element-bd6e5b6 elementor-section-boxed elementor-section-height-default elementor-section-height-default\" data-id=\"bd6e5b6\" data-element_type=\"section\" data-settings=\"{&quot;ekit_has_onepagescroll_dot&quot;:&quot;yes&quot;}\">\n\t\t\t\t\t\t<div class=\"elementor-container elementor-column-gap-default\">\n\t\t\t\t\t\t\t<div class=\"elementor-row\">\n\t\t\t\t\t<div class=\"elementor-column elementor-col-100 elementor-top-column elementor-element elementor-element-04a85a7\" data-id=\"04a85a7\" data-element_type=\"column\">\n\t\t\t<div class=\"elementor-column-wrap elementor-element-populated\">\n\t\t\t\t\t\t\t<div class=\"elementor-widget-wrap\">\n\t\t\t\t\t\t<div class=\"elementor-element elementor-element-9a29e11 elementor-widget elementor-widget-spacer\" data-id=\"9a29e11\" data-element_type=\"widget\" data-widget_type=\"spacer.default\">\n\t\t\t\t<div class=\"elementor-widget-container\">\n\t\t\t\t\t<div class=\"elementor-spacer\">\n\t\t\t<div class=\"elementor-spacer-inner\"><\/div>\n\t\t<\/div>\n\t\t\t\t<\/div>\n\t\t\t\t<\/div>\n\t\t\t\t\t\t<\/div>\n\t\t\t\t\t<\/div>\n\t\t<\/div>\n\t\t\t\t\t\t\t\t<\/div>\n\t\t\t\t\t<\/div>\n\t\t<\/section>\n\t\t\t\t<section class=\"elementor-section elementor-top-section elementor-element elementor-element-e345667 elementor-section-full_width elementor-section-height-default elementor-section-height-default\" data-id=\"e345667\" data-element_type=\"section\" data-settings=\"{&quot;ekit_has_onepagescroll_dot&quot;:&quot;yes&quot;}\">\n\t\t\t\t\t\t<div class=\"elementor-container elementor-column-gap-default\">\n\t\t\t\t\t\t\t<div class=\"elementor-row\">\n\t\t\t\t\t<div class=\"elementor-column elementor-col-100 elementor-top-column elementor-element elementor-element-bd55dbc\" data-id=\"bd55dbc\" data-element_type=\"column\">\n\t\t\t<div class=\"elementor-column-wrap elementor-element-populated\">\n\t\t\t\t\t\t\t<div class=\"elementor-widget-wrap\">\n\t\t\t\t\t\t<div class=\"elementor-element elementor-element-175e4d1 elementor-widget elementor-widget-heading\" data-id=\"175e4d1\" data-element_type=\"widget\" data-widget_type=\"heading.default\">\n\t\t\t\t<div class=\"elementor-widget-container\">\n\t\t\t<h2 class=\"elementor-heading-title elementor-size-default\">politique de confidentialit\u00e9<\/h2>\t\t<\/div>\n\t\t\t\t<\/div>\n\t\t\t\t\t\t<\/div>\n\t\t\t\t\t<\/div>\n\t\t<\/div>\n\t\t\t\t\t\t\t\t<\/div>\n\t\t\t\t\t<\/div>\n\t\t<\/section>\n\t\t\t\t<section class=\"elementor-section elementor-top-section elementor-element elementor-element-3ca8348 elementor-section-boxed elementor-section-height-default elementor-section-height-default\" data-id=\"3ca8348\" data-element_type=\"section\" data-settings=\"{&quot;ekit_has_onepagescroll_dot&quot;:&quot;yes&quot;}\">\n\t\t\t\t\t\t<div class=\"elementor-container elementor-column-gap-default\">\n\t\t\t\t\t\t\t<div class=\"elementor-row\">\n\t\t\t\t\t<div class=\"elementor-column elementor-col-100 elementor-top-column elementor-element elementor-element-9c744fe\" data-id=\"9c744fe\" data-element_type=\"column\">\n\t\t\t<div class=\"elementor-column-wrap elementor-element-populated\">\n\t\t\t\t\t\t\t<div class=\"elementor-widget-wrap\">\n\t\t\t\t\t\t<div class=\"elementor-element elementor-element-97abd58 elementor-widget elementor-widget-heading\" data-id=\"97abd58\" data-element_type=\"widget\" data-widget_type=\"heading.default\">\n\t\t\t\t<div class=\"elementor-widget-container\">\n\t\t\t<h4 class=\"elementor-heading-title elementor-size-default\">Donn\u00e9es personnelles<\/h4>\t\t<\/div>\n\t\t\t\t<\/div>\n\t\t\t\t<div class=\"elementor-element elementor-element-0cee1c5 elementor-widget elementor-widget-text-editor\" data-id=\"0cee1c5\" data-element_type=\"widget\" data-widget_type=\"text-editor.default\">\n\t\t\t\t<div class=\"elementor-widget-container\">\n\t\t\t\t\t<div class=\"elementor-text-editor elementor-clearfix\"><p>Les donn\u00e9es personnelles sont notamment prot\u00e9g\u00e9es en France par le R\u00e8glement Europ\u00e9en (UE) 2016\/679\u00a0du 27 avril 2016 relatif \u00e0 la protection des personnes physiques \u00e0 l\u2019\u00e9gard du traitement des donn\u00e9es \u00e0 caract\u00e8re personnel et \u00e0 la libre circulation de ces donn\u00e9es et la loi n\u00b0 78-17 Informatique et Libert\u00e9s du 6 janvier 1978.<\/p><p>A l&rsquo;occasion de l&rsquo;utilisation du Site, peuvent \u00eatre recueillies : l&rsquo;URL des liens par l&rsquo;interm\u00e9diaire desquels l&rsquo;utilisateur a acc\u00e9d\u00e9 au Site, le fournisseur d&rsquo;acc\u00e8s de l&rsquo;utilisateur, l&rsquo;adresse de protocole Internet (IP) de l&rsquo;utilisateur.<\/p><p>L\u2019utilisateur du Site peut contacter UMANAGEMENT. Il lui est propos\u00e9 de divulguer son nom, son adresse mail, son num\u00e9ro de t\u00e9l\u00e9phone par le formulaire de contact ou par courriel. L\u2019utilisateur du Site fournit ces informations en toute connaissance de cause. Les donn\u00e9es personnelles recueillies sont destin\u00e9es \u00e0 UMANAGEMENT uniquement, et font uniquement l\u2019objet d\u2019un traitement destin\u00e9 \u00e0 pouvoir lui r\u00e9pondre dans les plus brefs d\u00e9lais. L\u2019utilisateur du Site est inform\u00e9 que ces informations ne seront en aucun cas transmises \u00e0 des tiers, \u00e0 l\u2019exception des fournisseurs d\u2019acc\u00e8s internet n\u00e9cessaires \u00e0 l\u2019envoi des courriels.<\/p><p>Conform\u00e9ment aux articles 15 \u00e0 21 du R\u00e8glement Europ\u00e9en UE 2016\/679 relatif \u00e0 la protection des donn\u00e9es \u00e0 caract\u00e8re personnel, l&rsquo;utilisateur du Site dispose des droits d\u2019acc\u00e8s, de rectification, d\u2019opposition, des droits \u00e0 la limitation et \u00e0 l\u2019oubli de vos donn\u00e9es personnelles, dans les conditions et limites pr\u00e9vues par lesdits articles du R\u00e8glement.<\/p><p>L&rsquo;utilisateur du Site peut exercer lesdits droits en formulant une demande par l&rsquo;interm\u00e9diaire du formulaire de contact du Site ou par courrier \u00e0 l\u2019adresse : UMANAGEMENT \u2013 15\/17 rue Scribe, 75009 Paris. La demande de l\u2019utilisateur du Site doit \u00eatre accompagn\u00e9e d\u2019un justificatif d\u2019identit\u00e9 sign\u00e9 (CNI, passeport).<\/p><\/div>\n\t\t\t\t<\/div>\n\t\t\t\t<\/div>\n\t\t\t\t\t\t<\/div>\n\t\t\t\t\t<\/div>\n\t\t<\/div>\n\t\t\t\t\t\t\t\t<\/div>\n\t\t\t\t\t<\/div>\n\t\t<\/section>\n\t\t\t\t<section class=\"elementor-section elementor-top-section elementor-element elementor-element-f6b6dcb elementor-section-boxed elementor-section-height-default elementor-section-height-default\" data-id=\"f6b6dcb\" data-element_type=\"section\" data-settings=\"{&quot;ekit_has_onepagescroll_dot&quot;:&quot;yes&quot;}\">\n\t\t\t\t\t\t<div class=\"elementor-container elementor-column-gap-default\">\n\t\t\t\t\t\t\t<div class=\"elementor-row\">\n\t\t\t\t\t<div class=\"elementor-column elementor-col-100 elementor-top-column elementor-element elementor-element-e328c94\" data-id=\"e328c94\" data-element_type=\"column\">\n\t\t\t<div class=\"elementor-column-wrap elementor-element-populated\">\n\t\t\t\t\t\t\t<div class=\"elementor-widget-wrap\">\n\t\t\t\t\t\t<div class=\"elementor-element elementor-element-4e2e847 elementor-widget elementor-widget-spacer\" data-id=\"4e2e847\" data-element_type=\"widget\" data-widget_type=\"spacer.default\">\n\t\t\t\t<div class=\"elementor-widget-container\">\n\t\t\t\t\t<div class=\"elementor-spacer\">\n\t\t\t<div class=\"elementor-spacer-inner\"><\/div>\n\t\t<\/div>\n\t\t\t\t<\/div>\n\t\t\t\t<\/div>\n\t\t\t\t\t\t<\/div>\n\t\t\t\t\t<\/div>\n\t\t<\/div>\n\t\t\t\t\t\t\t\t<\/div>\n\t\t\t\t\t<\/div>\n\t\t<\/section>\n\t\t\t\t\t\t<\/div>\n\t\t\t\t\t\t<\/div>\n\t\t\t\t\t<\/div>\n\t\t","protected":false},"excerpt":{"rendered":"<p>politique de confidentialit\u00e9 Donn\u00e9es personnelles Les donn\u00e9es personnelles sont notamment prot\u00e9g\u00e9es en France par le R\u00e8glement Europ\u00e9en (UE) 2016\/679\u00a0du 27 avril 2016 relatif \u00e0 la protection des personnes physiques \u00e0 l\u2019\u00e9gard du traitement des donn\u00e9es \u00e0 caract\u00e8re personnel et \u00e0 la libre circulation de ces donn\u00e9es et la loi n\u00b0 78-17 Informatique et Libert\u00e9s du&hellip;<\/p>\n","protected":false},"author":2,"featured_media":0,"parent":0,"menu_order":0,"comment_status":"closed","ping_status":"closed","template":"","meta":[],"yoast_head":"<!-- This site is optimized with the Yoast SEO plugin v15.5 - https:\/\/yoast.com\/wordpress\/plugins\/seo\/ -->\n<title>politique de confidentialit\u00e9 - UMANAGEMENT<\/title>\n<meta name=\"robots\" content=\"index, follow, max-snippet:-1, max-image-preview:large, max-video-preview:-1\" \/>\n<link rel=\"canonical\" href=\"https:\/\/umanagement.net\/fr\/politique-confidentialite\/\" \/>\n<meta property=\"og:locale\" content=\"fr_FR\" \/>\n<meta property=\"og:type\" content=\"article\" \/>\n<meta property=\"og:title\" content=\"politique de confidentialit\u00e9 - UMANAGEMENT\" \/>\n<meta property=\"og:description\" content=\"politique de confidentialit\u00e9 Donn\u00e9es personnelles Les donn\u00e9es personnelles sont notamment prot\u00e9g\u00e9es en France par le R\u00e8glement Europ\u00e9en (UE) 2016\/679\u00a0du 27 avril 2016 relatif \u00e0 la protection des personnes physiques \u00e0 l\u2019\u00e9gard du traitement des donn\u00e9es \u00e0 caract\u00e8re personnel et \u00e0 la libre circulation de ces donn\u00e9es et la loi n\u00b0 78-17 Informatique et Libert\u00e9s du&hellip;\" \/>\n<meta property=\"og:url\" content=\"https:\/\/umanagement.net\/fr\/politique-confidentialite\/\" \/>\n<meta property=\"og:site_name\" content=\"UMANAGEMENT\" \/>\n<meta property=\"article:modified_time\" content=\"2020-05-28T09:47:59+00:00\" \/>\n<meta name=\"twitter:card\" content=\"summary_large_image\" \/>\n<meta name=\"twitter:label1\" content=\"Dur\u00e9e de lecture est.\">\n\t<meta name=\"twitter:data1\" content=\"1 minute\">\n<script type=\"application\/ld+json\" class=\"yoast-schema-graph\">{\"@context\":\"https:\/\/schema.org\",\"@graph\":[{\"@type\":\"Organization\",\"@id\":\"https:\/\/umanagement.net\/#organization\",\"name\":\"UMANAGEMENT\",\"url\":\"https:\/\/umanagement.net\/\",\"sameAs\":[\"https:\/\/www.linkedin.com\/company\/umanagement.fr\"],\"logo\":{\"@type\":\"ImageObject\",\"@id\":\"https:\/\/umanagement.net\/#logo\",\"inLanguage\":\"fr-FR\",\"url\":\"https:\/\/umanagement.net\/wp-content\/uploads\/2020\/02\/Um3__.png\",\"width\":85,\"height\":86,\"caption\":\"UMANAGEMENT\"},\"image\":{\"@id\":\"https:\/\/umanagement.net\/#logo\"}},{\"@type\":\"WebSite\",\"@id\":\"https:\/\/umanagement.net\/#website\",\"url\":\"https:\/\/umanagement.net\/\",\"name\":\"UMANAGEMENT\",\"description\":\"L&#039;exp\\u00e9rience \\u00e0 vos c\\u00f4t\\u00e9s\",\"publisher\":{\"@id\":\"https:\/\/umanagement.net\/#organization\"},\"potentialAction\":[{\"@type\":\"SearchAction\",\"target\":\"https:\/\/umanagement.net\/?s={search_term_string}\",\"query-input\":\"required name=search_term_string\"}],\"inLanguage\":\"fr-FR\"},{\"@type\":\"WebPage\",\"@id\":\"https:\/\/umanagement.net\/politique-confidentialite\/#webpage\",\"url\":\"https:\/\/umanagement.net\/politique-confidentialite\/\",\"name\":\"politique de confidentialit\\u00e9 - UMANAGEMENT\",\"isPartOf\":{\"@id\":\"https:\/\/umanagement.net\/#website\"},\"datePublished\":\"2020-02-06T14:58:09+00:00\",\"dateModified\":\"2020-05-28T09:47:59+00:00\",\"inLanguage\":\"fr-FR\",\"potentialAction\":[{\"@type\":\"ReadAction\",\"target\":[\"https:\/\/umanagement.net\/politique-confidentialite\/\"]}]}]}<\/script>\n<!-- \/ Yoast SEO plugin. -->","_links":{"self":[{"href":"https:\/\/umanagement.net\/fr\/wp-json\/wp\/v2\/pages\/46"}],"collection":[{"href":"https:\/\/umanagement.net\/fr\/wp-json\/wp\/v2\/pages"}],"about":[{"href":"https:\/\/umanagement.net\/fr\/wp-json\/wp\/v2\/types\/page"}],"author":[{"embeddable":true,"href":"https:\/\/umanagement.net\/fr\/wp-json\/wp\/v2\/users\/2"}],"replies":[{"embeddable":true,"href":"https:\/\/umanagement.net\/fr\/wp-json\/wp\/v2\/comments?post=46"}],"version-history":[{"count":47,"href":"https:\/\/umanagement.net\/fr\/wp-json\/wp\/v2\/pages\/46\/revisions"}],"predecessor-version":[{"id":2329,"href":"https:\/\/umanagement.net\/fr\/wp-json\/wp\/v2\/pages\/46\/revisions\/2329"}],"wp:attachment":[{"href":"https:\/\/umanagement.net\/fr\/wp-json\/wp\/v2\/media?parent=46"}],"curies":[{"name":"wp","href":"https:\/\/api.w.org\/{rel}","templated":true}]}}