{"id":245,"date":"2020-02-20T14:01:27","date_gmt":"2020-02-20T13:01:27","guid":{"rendered":"http:\/\/umanagement.net\/?page_id=245"},"modified":"2020-10-08T11:19:11","modified_gmt":"2020-10-08T09:19:11","slug":"politique-de-cookie","status":"publish","type":"page","link":"https:\/\/umanagement.net\/fr\/politique-de-cookie\/","title":{"rendered":"politique de cookies"},"content":{"rendered":"\t\t<div data-elementor-type=\"wp-page\" data-elementor-id=\"245\" class=\"elementor elementor-245\" data-elementor-settings=\"[]\">\n\t\t\t\t\t\t<div class=\"elementor-inner\">\n\t\t\t\t\t\t\t<div class=\"elementor-section-wrap\">\n\t\t\t\t\t\t\t<section class=\"elementor-section elementor-top-section elementor-element elementor-element-4f1a3a4 elementor-section-boxed elementor-section-height-default elementor-section-height-default\" data-id=\"4f1a3a4\" data-element_type=\"section\" data-settings=\"{&quot;ekit_has_onepagescroll_dot&quot;:&quot;yes&quot;}\">\n\t\t\t\t\t\t<div class=\"elementor-container elementor-column-gap-default\">\n\t\t\t\t\t\t\t<div class=\"elementor-row\">\n\t\t\t\t\t<div class=\"elementor-column elementor-col-100 elementor-top-column elementor-element elementor-element-cb824e2\" data-id=\"cb824e2\" data-element_type=\"column\">\n\t\t\t<div class=\"elementor-column-wrap elementor-element-populated\">\n\t\t\t\t\t\t\t<div class=\"elementor-widget-wrap\">\n\t\t\t\t\t\t<div class=\"elementor-element elementor-element-5cecf91 elementor-widget elementor-widget-spacer\" data-id=\"5cecf91\" data-element_type=\"widget\" data-widget_type=\"spacer.default\">\n\t\t\t\t<div class=\"elementor-widget-container\">\n\t\t\t\t\t<div class=\"elementor-spacer\">\n\t\t\t<div class=\"elementor-spacer-inner\"><\/div>\n\t\t<\/div>\n\t\t\t\t<\/div>\n\t\t\t\t<\/div>\n\t\t\t\t\t\t<\/div>\n\t\t\t\t\t<\/div>\n\t\t<\/div>\n\t\t\t\t\t\t\t\t<\/div>\n\t\t\t\t\t<\/div>\n\t\t<\/section>\n\t\t\t\t<section class=\"elementor-section elementor-top-section elementor-element elementor-element-e34a8af elementor-section-boxed elementor-section-height-default elementor-section-height-default\" data-id=\"e34a8af\" data-element_type=\"section\" data-settings=\"{&quot;ekit_has_onepagescroll_dot&quot;:&quot;yes&quot;}\">\n\t\t\t\t\t\t<div class=\"elementor-container elementor-column-gap-default\">\n\t\t\t\t\t\t\t<div class=\"elementor-row\">\n\t\t\t\t\t<div class=\"elementor-column elementor-col-100 elementor-top-column elementor-element elementor-element-fa802be\" data-id=\"fa802be\" data-element_type=\"column\">\n\t\t\t<div class=\"elementor-column-wrap elementor-element-populated\">\n\t\t\t\t\t\t\t<div class=\"elementor-widget-wrap\">\n\t\t\t\t\t\t<div class=\"elementor-element elementor-element-fabd154 elementor-widget elementor-widget-heading\" data-id=\"fabd154\" data-element_type=\"widget\" data-widget_type=\"heading.default\">\n\t\t\t\t<div class=\"elementor-widget-container\">\n\t\t\t<h2 class=\"elementor-heading-title elementor-size-default\">politique de cookies<\/h2>\t\t<\/div>\n\t\t\t\t<\/div>\n\t\t\t\t\t\t<\/div>\n\t\t\t\t\t<\/div>\n\t\t<\/div>\n\t\t\t\t\t\t\t\t<\/div>\n\t\t\t\t\t<\/div>\n\t\t<\/section>\n\t\t\t\t<section class=\"elementor-section elementor-top-section elementor-element elementor-element-7c34710 elementor-section-boxed elementor-section-height-default elementor-section-height-default\" data-id=\"7c34710\" data-element_type=\"section\" data-settings=\"{&quot;ekit_has_onepagescroll_dot&quot;:&quot;yes&quot;}\">\n\t\t\t\t\t\t<div class=\"elementor-container elementor-column-gap-default\">\n\t\t\t\t\t\t\t<div class=\"elementor-row\">\n\t\t\t\t\t<div class=\"elementor-column elementor-col-100 elementor-top-column elementor-element elementor-element-57d31e8\" data-id=\"57d31e8\" data-element_type=\"column\">\n\t\t\t<div class=\"elementor-column-wrap elementor-element-populated\">\n\t\t\t\t\t\t\t<div class=\"elementor-widget-wrap\">\n\t\t\t\t\t\t<div class=\"elementor-element elementor-element-5b31df3 elementor-widget elementor-widget-spacer\" data-id=\"5b31df3\" data-element_type=\"widget\" data-widget_type=\"spacer.default\">\n\t\t\t\t<div class=\"elementor-widget-container\">\n\t\t\t\t\t<div class=\"elementor-spacer\">\n\t\t\t<div class=\"elementor-spacer-inner\"><\/div>\n\t\t<\/div>\n\t\t\t\t<\/div>\n\t\t\t\t<\/div>\n\t\t\t\t\t\t<\/div>\n\t\t\t\t\t<\/div>\n\t\t<\/div>\n\t\t\t\t\t\t\t\t<\/div>\n\t\t\t\t\t<\/div>\n\t\t<\/section>\n\t\t\t\t<section class=\"elementor-section elementor-top-section elementor-element elementor-element-69de8f71 elementor-section-boxed elementor-section-height-default elementor-section-height-default\" data-id=\"69de8f71\" data-element_type=\"section\" data-settings=\"{&quot;ekit_has_onepagescroll_dot&quot;:&quot;yes&quot;}\">\n\t\t\t\t\t\t<div class=\"elementor-container elementor-column-gap-default\">\n\t\t\t\t\t\t\t<div class=\"elementor-row\">\n\t\t\t\t\t<div class=\"elementor-column elementor-col-100 elementor-top-column elementor-element elementor-element-34cdca1d\" data-id=\"34cdca1d\" data-element_type=\"column\">\n\t\t\t<div class=\"elementor-column-wrap elementor-element-populated\">\n\t\t\t\t\t\t\t<div class=\"elementor-widget-wrap\">\n\t\t\t\t\t\t<div class=\"elementor-element elementor-element-6ac2fca9 elementor-widget elementor-widget-text-editor\" data-id=\"6ac2fca9\" data-element_type=\"widget\" data-widget_type=\"text-editor.default\">\n\t\t\t\t<div class=\"elementor-widget-container\">\n\t\t\t\t\t<div class=\"elementor-text-editor elementor-clearfix\"><p>Ce site utilise des cookies \u2013 de petits fichiers texte qui sont plac\u00e9s sur votre machine pour aider le site \u00e0 fournir une meilleure exp\u00e9rience utilisateur.<br \/>Les cookies sont utilis\u00e9s pour conserver les pr\u00e9f\u00e9rences de l\u2019utilisateur, stocker des informations pour fournir des donn\u00e9es de suivi anonymis\u00e9es \u00e0 des applications tierces comme Google Analytics. Ils permettent \u00e9galement de mesurer les statistiques non nominatives de visite du site.<\/p><p>En r\u00e8gle g\u00e9n\u00e9rale, les cookies rendent votre exp\u00e9rience de navigation meilleure. Toutefois, vous pouvez pr\u00e9f\u00e9rer d\u00e9sactiver les cookies sur ce site et sur d\u2019autres. Le moyen le plus efficace consiste \u00e0 d\u00e9sactiver les cookies dans votre navigateur. Nous vous sugg\u00e9rons de consulter la section Aide de votre navigateur ou de consulter le site Web de la CNIL \u00e0 propos des cookies, qui propose des conseils pour tous les navigateurs modernes.<\/p><\/div>\n\t\t\t\t<\/div>\n\t\t\t\t<\/div>\n\t\t\t\t\t\t<\/div>\n\t\t\t\t\t<\/div>\n\t\t<\/div>\n\t\t\t\t\t\t\t\t<\/div>\n\t\t\t\t\t<\/div>\n\t\t<\/section>\n\t\t\t\t<section class=\"elementor-section elementor-top-section elementor-element elementor-element-f25e2e6 elementor-section-boxed elementor-section-height-default elementor-section-height-default\" data-id=\"f25e2e6\" data-element_type=\"section\" data-settings=\"{&quot;ekit_has_onepagescroll_dot&quot;:&quot;yes&quot;}\">\n\t\t\t\t\t\t<div class=\"elementor-container elementor-column-gap-default\">\n\t\t\t\t\t\t\t<div class=\"elementor-row\">\n\t\t\t\t\t<div class=\"elementor-column elementor-col-100 elementor-top-column elementor-element elementor-element-5e8ea60\" data-id=\"5e8ea60\" data-element_type=\"column\">\n\t\t\t<div class=\"elementor-column-wrap\">\n\t\t\t\t\t\t\t<div class=\"elementor-widget-wrap\">\n\t\t\t\t\t\t\t\t<\/div>\n\t\t\t\t\t<\/div>\n\t\t<\/div>\n\t\t\t\t\t\t\t\t<\/div>\n\t\t\t\t\t<\/div>\n\t\t<\/section>\n\t\t\t\t<section class=\"elementor-section elementor-top-section elementor-element elementor-element-c1bf902 elementor-section-boxed elementor-section-height-default elementor-section-height-default\" data-id=\"c1bf902\" data-element_type=\"section\" data-settings=\"{&quot;ekit_has_onepagescroll_dot&quot;:&quot;yes&quot;}\">\n\t\t\t\t\t\t<div class=\"elementor-container elementor-column-gap-default\">\n\t\t\t\t\t\t\t<div class=\"elementor-row\">\n\t\t\t\t\t<div class=\"elementor-column elementor-col-100 elementor-top-column elementor-element elementor-element-d8fe517\" data-id=\"d8fe517\" data-element_type=\"column\">\n\t\t\t<div class=\"elementor-column-wrap elementor-element-populated\">\n\t\t\t\t\t\t\t<div class=\"elementor-widget-wrap\">\n\t\t\t\t\t\t<div class=\"elementor-element elementor-element-07eafcc elementor-widget elementor-widget-spacer\" data-id=\"07eafcc\" data-element_type=\"widget\" data-widget_type=\"spacer.default\">\n\t\t\t\t<div class=\"elementor-widget-container\">\n\t\t\t\t\t<div class=\"elementor-spacer\">\n\t\t\t<div class=\"elementor-spacer-inner\"><\/div>\n\t\t<\/div>\n\t\t\t\t<\/div>\n\t\t\t\t<\/div>\n\t\t\t\t\t\t<\/div>\n\t\t\t\t\t<\/div>\n\t\t<\/div>\n\t\t\t\t\t\t\t\t<\/div>\n\t\t\t\t\t<\/div>\n\t\t<\/section>\n\t\t\t\t\t\t<\/div>\n\t\t\t\t\t\t<\/div>\n\t\t\t\t\t<\/div>\n\t\t","protected":false},"excerpt":{"rendered":"<p>politique de cookies Ce site utilise des cookies \u2013 de petits fichiers texte qui sont plac\u00e9s sur votre machine pour aider le site \u00e0 fournir une meilleure exp\u00e9rience utilisateur.Les cookies sont utilis\u00e9s pour conserver les pr\u00e9f\u00e9rences de l\u2019utilisateur, stocker des informations pour fournir des donn\u00e9es de suivi anonymis\u00e9es \u00e0 des applications tierces comme Google Analytics.&hellip;<\/p>\n","protected":false},"author":2,"featured_media":0,"parent":0,"menu_order":0,"comment_status":"closed","ping_status":"closed","template":"","meta":[],"yoast_head":"<!-- This site is optimized with the Yoast SEO plugin v15.5 - https:\/\/yoast.com\/wordpress\/plugins\/seo\/ -->\n<title>politique de cookies - UMANAGEMENT<\/title>\n<meta name=\"robots\" content=\"index, follow, max-snippet:-1, max-image-preview:large, max-video-preview:-1\" \/>\n<link rel=\"canonical\" href=\"https:\/\/umanagement.net\/fr\/politique-de-cookie\/\" \/>\n<meta property=\"og:locale\" content=\"fr_FR\" \/>\n<meta property=\"og:type\" content=\"article\" \/>\n<meta property=\"og:title\" content=\"politique de cookies - UMANAGEMENT\" \/>\n<meta property=\"og:description\" content=\"politique de cookies Ce site utilise des cookies \u2013 de petits fichiers texte qui sont plac\u00e9s sur votre machine pour aider le site \u00e0 fournir une meilleure exp\u00e9rience utilisateur.Les cookies sont utilis\u00e9s pour conserver les pr\u00e9f\u00e9rences de l\u2019utilisateur, stocker des informations pour fournir des donn\u00e9es de suivi anonymis\u00e9es \u00e0 des applications tierces comme Google Analytics.&hellip;\" \/>\n<meta property=\"og:url\" content=\"https:\/\/umanagement.net\/fr\/politique-de-cookie\/\" \/>\n<meta property=\"og:site_name\" content=\"UMANAGEMENT\" \/>\n<meta property=\"article:modified_time\" content=\"2020-10-08T09:19:11+00:00\" \/>\n<meta name=\"twitter:card\" content=\"summary_large_image\" \/>\n<meta name=\"twitter:label1\" content=\"Dur\u00e9e de lecture est.\">\n\t<meta name=\"twitter:data1\" content=\"1 minute\">\n<script type=\"application\/ld+json\" class=\"yoast-schema-graph\">{\"@context\":\"https:\/\/schema.org\",\"@graph\":[{\"@type\":\"Organization\",\"@id\":\"https:\/\/umanagement.net\/#organization\",\"name\":\"UMANAGEMENT\",\"url\":\"https:\/\/umanagement.net\/\",\"sameAs\":[\"https:\/\/www.linkedin.com\/company\/umanagement.fr\"],\"logo\":{\"@type\":\"ImageObject\",\"@id\":\"https:\/\/umanagement.net\/#logo\",\"inLanguage\":\"fr-FR\",\"url\":\"https:\/\/umanagement.net\/wp-content\/uploads\/2020\/02\/Um3__.png\",\"width\":85,\"height\":86,\"caption\":\"UMANAGEMENT\"},\"image\":{\"@id\":\"https:\/\/umanagement.net\/#logo\"}},{\"@type\":\"WebSite\",\"@id\":\"https:\/\/umanagement.net\/#website\",\"url\":\"https:\/\/umanagement.net\/\",\"name\":\"UMANAGEMENT\",\"description\":\"L&#039;exp\\u00e9rience \\u00e0 vos c\\u00f4t\\u00e9s\",\"publisher\":{\"@id\":\"https:\/\/umanagement.net\/#organization\"},\"potentialAction\":[{\"@type\":\"SearchAction\",\"target\":\"https:\/\/umanagement.net\/?s={search_term_string}\",\"query-input\":\"required name=search_term_string\"}],\"inLanguage\":\"fr-FR\"},{\"@type\":\"WebPage\",\"@id\":\"https:\/\/umanagement.net\/politique-de-cookie\/#webpage\",\"url\":\"https:\/\/umanagement.net\/politique-de-cookie\/\",\"name\":\"politique de cookies - UMANAGEMENT\",\"isPartOf\":{\"@id\":\"https:\/\/umanagement.net\/#website\"},\"datePublished\":\"2020-02-20T13:01:27+00:00\",\"dateModified\":\"2020-10-08T09:19:11+00:00\",\"inLanguage\":\"fr-FR\",\"potentialAction\":[{\"@type\":\"ReadAction\",\"target\":[\"https:\/\/umanagement.net\/politique-de-cookie\/\"]}]}]}<\/script>\n<!-- \/ Yoast SEO plugin. -->","_links":{"self":[{"href":"https:\/\/umanagement.net\/fr\/wp-json\/wp\/v2\/pages\/245"}],"collection":[{"href":"https:\/\/umanagement.net\/fr\/wp-json\/wp\/v2\/pages"}],"about":[{"href":"https:\/\/umanagement.net\/fr\/wp-json\/wp\/v2\/types\/page"}],"author":[{"embeddable":true,"href":"https:\/\/umanagement.net\/fr\/wp-json\/wp\/v2\/users\/2"}],"replies":[{"embeddable":true,"href":"https:\/\/umanagement.net\/fr\/wp-json\/wp\/v2\/comments?post=245"}],"version-history":[{"count":24,"href":"https:\/\/umanagement.net\/fr\/wp-json\/wp\/v2\/pages\/245\/revisions"}],"predecessor-version":[{"id":2360,"href":"https:\/\/umanagement.net\/fr\/wp-json\/wp\/v2\/pages\/245\/revisions\/2360"}],"wp:attachment":[{"href":"https:\/\/umanagement.net\/fr\/wp-json\/wp\/v2\/media?parent=245"}],"curies":[{"name":"wp","href":"https:\/\/api.w.org\/{rel}","templated":true}]}}