{"id":1770,"date":"2020-04-16T18:33:03","date_gmt":"2020-04-16T16:33:03","guid":{"rendered":"http:\/\/umanagement.net\/?page_id=1770"},"modified":"2020-05-28T11:48:14","modified_gmt":"2020-05-28T09:48:14","slug":"mentions-legales","status":"publish","type":"page","link":"https:\/\/umanagement.net\/en\/mentions-legales\/","title":{"rendered":"legal notice"},"content":{"rendered":"<div data-elementor-type=\"wp-page\" data-elementor-id=\"1770\" class=\"elementor elementor-1770\" data-elementor-settings=\"[]\">\n\t\t\t\t\t\t<div class=\"elementor-inner\">\n\t\t\t\t\t\t\t<div class=\"elementor-section-wrap\">\n\t\t\t\t\t\t\t<section class=\"elementor-section elementor-top-section elementor-element elementor-element-a99575b elementor-section-boxed elementor-section-height-default elementor-section-height-default\" data-id=\"a99575b\" data-element_type=\"section\" data-settings=\"{&quot;ekit_has_onepagescroll_dot&quot;:&quot;yes&quot;}\">\n\t\t\t\t\t\t<div class=\"elementor-container elementor-column-gap-default\">\n\t\t\t\t\t\t\t<div class=\"elementor-row\">\n\t\t\t\t\t<div class=\"elementor-column elementor-col-100 elementor-top-column elementor-element elementor-element-053a6c3\" data-id=\"053a6c3\" data-element_type=\"column\">\n\t\t\t<div class=\"elementor-column-wrap elementor-element-populated\">\n\t\t\t\t\t\t\t<div class=\"elementor-widget-wrap\">\n\t\t\t\t\t\t<div class=\"elementor-element elementor-element-7adce99 elementor-widget elementor-widget-spacer\" data-id=\"7adce99\" data-element_type=\"widget\" data-widget_type=\"spacer.default\">\n\t\t\t\t<div class=\"elementor-widget-container\">\n\t\t\t\t\t<div class=\"elementor-spacer\">\n\t\t\t<div class=\"elementor-spacer-inner\"><\/div>\n\t\t<\/div>\n\t\t\t\t<\/div>\n\t\t\t\t<\/div>\n\t\t\t\t\t\t<\/div>\n\t\t\t\t\t<\/div>\n\t\t<\/div>\n\t\t\t\t\t\t\t\t<\/div>\n\t\t\t\t\t<\/div>\n\t\t<\/section>\n\t\t\t\t<section class=\"elementor-section elementor-top-section elementor-element elementor-element-ef8b51e elementor-section-full_width elementor-section-height-default elementor-section-height-default\" data-id=\"ef8b51e\" data-element_type=\"section\" data-settings=\"{&quot;ekit_has_onepagescroll_dot&quot;:&quot;yes&quot;}\">\n\t\t\t\t\t\t<div class=\"elementor-container elementor-column-gap-default\">\n\t\t\t\t\t\t\t<div class=\"elementor-row\">\n\t\t\t\t\t<div class=\"elementor-column elementor-col-100 elementor-top-column elementor-element elementor-element-479c279\" data-id=\"479c279\" data-element_type=\"column\">\n\t\t\t<div class=\"elementor-column-wrap elementor-element-populated\">\n\t\t\t\t\t\t\t<div class=\"elementor-widget-wrap\">\n\t\t\t\t\t\t<div class=\"elementor-element elementor-element-4760de8 elementor-widget elementor-widget-heading\" data-id=\"4760de8\" data-element_type=\"widget\" data-widget_type=\"heading.default\">\n\t\t\t\t<div class=\"elementor-widget-container\">\n\t\t\t<h2 class=\"elementor-heading-title elementor-size-default\">legal notice<\/h2>\t\t<\/div>\n\t\t\t\t<\/div>\n\t\t\t\t\t\t<\/div>\n\t\t\t\t\t<\/div>\n\t\t<\/div>\n\t\t\t\t\t\t\t\t<\/div>\n\t\t\t\t\t<\/div>\n\t\t<\/section>\n\t\t\t\t<section class=\"elementor-section elementor-top-section elementor-element elementor-element-d17b84d elementor-section-boxed elementor-section-height-default elementor-section-height-default\" data-id=\"d17b84d\" data-element_type=\"section\" data-settings=\"{&quot;ekit_has_onepagescroll_dot&quot;:&quot;yes&quot;}\">\n\t\t\t\t\t\t<div class=\"elementor-container elementor-column-gap-default\">\n\t\t\t\t\t\t\t<div class=\"elementor-row\">\n\t\t\t\t\t<div class=\"elementor-column elementor-col-100 elementor-top-column elementor-element elementor-element-bdffe3d\" data-id=\"bdffe3d\" data-element_type=\"column\">\n\t\t\t<div class=\"elementor-column-wrap elementor-element-populated\">\n\t\t\t\t\t\t\t<div class=\"elementor-widget-wrap\">\n\t\t\t\t\t\t<div class=\"elementor-element elementor-element-da03f4e elementor-widget elementor-widget-heading\" data-id=\"da03f4e\" data-element_type=\"widget\" data-widget_type=\"heading.default\">\n\t\t\t\t<div class=\"elementor-widget-container\">\n\t\t\t<h4 class=\"elementor-heading-title elementor-size-default\">Editeur<\/h4>\t\t<\/div>\n\t\t\t\t<\/div>\n\t\t\t\t<div class=\"elementor-element elementor-element-8365add elementor-widget elementor-widget-text-editor\" data-id=\"8365add\" data-element_type=\"widget\" data-widget_type=\"text-editor.default\">\n\t\t\t\t<div class=\"elementor-widget-container\">\n\t\t\t\t\t<div class=\"elementor-text-editor elementor-clearfix\"><p>UMANAGEMENT SARL, 15\/17 rue Scribe, 75009 Paris<br \/>Si\u00e8ge social 5 avenue du Haut Brion \u2013 33600 Pessac<br \/>RCS\u00a0Bordeaux 492.682.307 &#8211; SIRET 492.682.307.00011<br \/>Directeur de publication : Ramine Hachemian<br \/>Vous pouvez nous joindre par le biais du formulaire de <a href=\"https:\/\/umanagement.net\/en\/contact\/\" rel=\"noopener\">contact <\/a>du site.<\/p><\/div>\n\t\t\t\t<\/div>\n\t\t\t\t<\/div>\n\t\t\t\t<div class=\"elementor-element elementor-element-d435b5c elementor-widget elementor-widget-spacer\" data-id=\"d435b5c\" data-element_type=\"widget\" data-widget_type=\"spacer.default\">\n\t\t\t\t<div class=\"elementor-widget-container\">\n\t\t\t\t\t<div class=\"elementor-spacer\">\n\t\t\t<div class=\"elementor-spacer-inner\"><\/div>\n\t\t<\/div>\n\t\t\t\t<\/div>\n\t\t\t\t<\/div>\n\t\t\t\t<div class=\"elementor-element elementor-element-ec8604f elementor-widget elementor-widget-heading\" data-id=\"ec8604f\" data-element_type=\"widget\" data-widget_type=\"heading.default\">\n\t\t\t\t<div class=\"elementor-widget-container\">\n\t\t\t<h4 class=\"elementor-heading-title elementor-size-default\">H\u00e9bergement<\/h4>\t\t<\/div>\n\t\t\t\t<\/div>\n\t\t\t\t<div class=\"elementor-element elementor-element-63cf378 elementor-widget elementor-widget-text-editor\" data-id=\"63cf378\" data-element_type=\"widget\" data-widget_type=\"text-editor.default\">\n\t\t\t\t<div class=\"elementor-widget-container\">\n\t\t\t\t\t<div class=\"elementor-text-editor elementor-clearfix\"><div><p>Le Site https:\/\/www.umanagement.net\/ est h\u00e9berg\u00e9 par<br \/>OVH<br \/>SAS au capital de 10 069 020 \u20ac<br \/>RCS Lille M\u00e9tropole 424 761 419 00045<br \/>Code APE 2620Z<br \/>N\u00b0 TVA : FR 22 424 761 419<br \/>Si\u00e8ge social : 2 rue Kellermann &#8211; 59100 Roubaix &#8211; France<\/p><\/div><div><div>Directeur de la publication : Octave KLABA<\/div><div>Pr\u00e9sident : Henryk KLABA<\/div><div>Directeur g\u00e9n\u00e9ral : Miroslaw KLABA<\/div><div>Directeur g\u00e9n\u00e9ral d\u00e9l\u00e9gu\u00e9 : Octave KLABA<\/div><div>Directeur g\u00e9n\u00e9ral d\u00e9l\u00e9gu\u00e9 : Halina KLABA<\/div><\/div><div><div><p>OVH SAS est une filiale de la soci\u00e9t\u00e9 OVH Groupe SAS,<br \/>soci\u00e9t\u00e9 immatricul\u00e9e au RCS de Lille sous le num\u00e9ro 537 407 926<br \/>sise 2, rue Kellermann, 59100 Roubaix.<\/p><\/div><\/div><\/div>\n\t\t\t\t<\/div>\n\t\t\t\t<\/div>\n\t\t\t\t<div class=\"elementor-element elementor-element-c4f2af9 elementor-widget elementor-widget-spacer\" data-id=\"c4f2af9\" data-element_type=\"widget\" data-widget_type=\"spacer.default\">\n\t\t\t\t<div class=\"elementor-widget-container\">\n\t\t\t\t\t<div class=\"elementor-spacer\">\n\t\t\t<div class=\"elementor-spacer-inner\"><\/div>\n\t\t<\/div>\n\t\t\t\t<\/div>\n\t\t\t\t<\/div>\n\t\t\t\t<div class=\"elementor-element elementor-element-7b83f43 elementor-widget elementor-widget-heading\" data-id=\"7b83f43\" data-element_type=\"widget\" data-widget_type=\"heading.default\">\n\t\t\t\t<div class=\"elementor-widget-container\">\n\t\t\t<h4 class=\"elementor-heading-title elementor-size-default\">Conditions g\u00e9n\u00e9rales d\u2019utilisation du Site<\/h4>\t\t<\/div>\n\t\t\t\t<\/div>\n\t\t\t\t<div class=\"elementor-element elementor-element-5d8371d elementor-widget elementor-widget-text-editor\" data-id=\"5d8371d\" data-element_type=\"widget\" data-widget_type=\"text-editor.default\">\n\t\t\t\t<div class=\"elementor-widget-container\">\n\t\t\t\t\t<div class=\"elementor-text-editor elementor-clearfix\"><p>Le pr\u00e9sent texte constitue les conditions g\u00e9n\u00e9rales d\u2019utilisation du Site accessible \u00e0 l\u2019adresse \u00ab https:\/\/www.umanagement.net \u00bb\u00a0 (ci-apr\u00e8s d\u00e9nomm\u00e9 le \u00ab Site \u00bb).<\/p><p>Le Site a pour objet de fournir une information concernant les activit\u00e9s de UMANAGEMENT qui s\u2019efforce de fournir des informations aussi pr\u00e9cises que possible.<\/p><p>L\u2019utilisation du Site implique l\u2019acceptation pleine et enti\u00e8re des conditions g\u00e9n\u00e9rales d\u2019utilisation du Site. Ces conditions d\u2019utilisation sont susceptibles d\u2019\u00eatre modifi\u00e9es ou compl\u00e9t\u00e9es \u00e0 tout moment, les utilisateurs du Site sont donc invit\u00e9s \u00e0 les consulter de mani\u00e8re r\u00e9guli\u00e8re.<\/p><p>Toutes les informations pr\u00e9sentes sur le Site sont communiqu\u00e9es \u00e0 titre indicatif, sont susceptibles d&rsquo;\u00e9voluer et ne sont pas exhaustifs. Ils sont donn\u00e9s sous r\u00e9serve de modifications ayant \u00e9t\u00e9 apport\u00e9es depuis leur mise en ligne. UMANAGEMENT ne pourra \u00eatre tenue responsable des omissions, des inexactitudes et des carences dans la mise \u00e0 jour, qu\u2019elles soient de son fait ou du fait des tiers partenaires qui lui fournissent ces informations.<\/p><p>Aucune exploitation commerciale m\u00eame partielle des donn\u00e9es qui y sont pr\u00e9sent\u00e9es ne pourra \u00eatre effectu\u00e9e sans l\u2019accord pr\u00e9alable et \u00e9crit de la soci\u00e9t\u00e9 UMANAGEMENT.<\/p><p>Toute reproduction, repr\u00e9sentation, utilisation, adaptation, modification, incorporation, traduction, commercialisation, partielle ou int\u00e9grale, sans l\u2019autorisation \u00e9crite pr\u00e9alable de UMANAGEMENT, est interdite, sous peine de constituer un d\u00e9lit de contrefa\u00e7on des droits d\u2019auteur.<\/p><p>L&rsquo;utilisateur du Site s&rsquo;engage par ailleurs \u00e0 ne pas adresser ou transmettre des textes ou images contraires \u00e0 la loi, ou susceptibles de choquer la sensibilit\u00e9, notamment par un contenu haineux, pornographique, ou incitatif \u00e0 des comportements du m\u00eame ordre. UMANAGEMENT se r\u00e9serve le droit de prendre toute mesure, ou d\u2019engager toute action qu\u2019elle estime n\u00e9cessaire au cas o\u00f9 son Site serait utilis\u00e9 pour diffuser des \u00e9l\u00e9ments de cette nature.<\/p><p>UMANAGEMENT informe que le Site est soumis au droit fran\u00e7ais, aux juridictions fran\u00e7aises et qu\u2019il a pour langue officielle le fran\u00e7ais.<\/p><\/div>\n\t\t\t\t<\/div>\n\t\t\t\t<\/div>\n\t\t\t\t<div class=\"elementor-element elementor-element-02079ce elementor-widget elementor-widget-spacer\" data-id=\"02079ce\" data-element_type=\"widget\" data-widget_type=\"spacer.default\">\n\t\t\t\t<div class=\"elementor-widget-container\">\n\t\t\t\t\t<div class=\"elementor-spacer\">\n\t\t\t<div class=\"elementor-spacer-inner\"><\/div>\n\t\t<\/div>\n\t\t\t\t<\/div>\n\t\t\t\t<\/div>\n\t\t\t\t<div class=\"elementor-element elementor-element-93527c2 elementor-widget elementor-widget-heading\" data-id=\"93527c2\" data-element_type=\"widget\" data-widget_type=\"heading.default\">\n\t\t\t\t<div class=\"elementor-widget-container\">\n\t\t\t<h4 class=\"elementor-heading-title elementor-size-default\">Droits d'auteurs<\/h4>\t\t<\/div>\n\t\t\t\t<\/div>\n\t\t\t\t<div class=\"elementor-element elementor-element-b9058d0 elementor-widget elementor-widget-text-editor\" data-id=\"b9058d0\" data-element_type=\"widget\" data-widget_type=\"text-editor.default\">\n\t\t\t\t<div class=\"elementor-widget-container\">\n\t\t\t\t\t<div class=\"elementor-text-editor elementor-clearfix\"><p><span style=\"color: #808080;\">Textes et photos : UMANAGEMENT<\/span><br><span style=\"color: #808080;\">Design du site :&nbsp; H\u00e9l\u00e8ne Loussier<br>Traduction du site : UMANAGEMENT<br><\/span><\/p><\/div>\n\t\t\t\t<\/div>\n\t\t\t\t<\/div>\n\t\t\t\t\t\t<\/div>\n\t\t\t\t\t<\/div>\n\t\t<\/div>\n\t\t\t\t\t\t\t\t<\/div>\n\t\t\t\t\t<\/div>\n\t\t<\/section>\n\t\t\t\t<section class=\"elementor-section elementor-top-section elementor-element elementor-element-f6b6dcb elementor-section-boxed elementor-section-height-default elementor-section-height-default\" data-id=\"f6b6dcb\" data-element_type=\"section\" data-settings=\"{&quot;ekit_has_onepagescroll_dot&quot;:&quot;yes&quot;}\">\n\t\t\t\t\t\t<div class=\"elementor-container elementor-column-gap-default\">\n\t\t\t\t\t\t\t<div class=\"elementor-row\">\n\t\t\t\t\t<div class=\"elementor-column elementor-col-100 elementor-top-column elementor-element elementor-element-e328c94\" data-id=\"e328c94\" data-element_type=\"column\">\n\t\t\t<div class=\"elementor-column-wrap elementor-element-populated\">\n\t\t\t\t\t\t\t<div class=\"elementor-widget-wrap\">\n\t\t\t\t\t\t<div class=\"elementor-element elementor-element-4e2e847 elementor-widget elementor-widget-spacer\" data-id=\"4e2e847\" data-element_type=\"widget\" data-widget_type=\"spacer.default\">\n\t\t\t\t<div class=\"elementor-widget-container\">\n\t\t\t\t\t<div class=\"elementor-spacer\">\n\t\t\t<div class=\"elementor-spacer-inner\"><\/div>\n\t\t<\/div>\n\t\t\t\t<\/div>\n\t\t\t\t<\/div>\n\t\t\t\t\t\t<\/div>\n\t\t\t\t\t<\/div>\n\t\t<\/div>\n\t\t\t\t\t\t\t\t<\/div>\n\t\t\t\t\t<\/div>\n\t\t<\/section>\n\t\t\t\t\t\t<\/div>\n\t\t\t\t\t\t<\/div>\n\t\t\t\t\t<\/div>","protected":false},"excerpt":{"rendered":"<p>mentions l\u00e9gales Editeur UMANAGEMENT SARL, 15\/17 rue Scribe, 75009 ParisSi\u00e8ge social 5 avenue du Haut Brion \u2013 33600 PessacRCS\u00a0Bordeaux 492.682.307 &#8211; SIRET 492.682.307.00011Directeur de publication : Ramine HachemianVous pouvez nous joindre par le biais du formulaire de contact du site. H\u00e9bergement Le Site https:\/\/www.umanagement.net\/ est h\u00e9berg\u00e9 parOVHSAS au capital de 10 069 020 \u20acRCS Lille&hellip;<\/p>","protected":false},"author":2,"featured_media":0,"parent":0,"menu_order":0,"comment_status":"closed","ping_status":"closed","template":"","meta":[],"yoast_head":"<!-- This site is optimized with the Yoast SEO plugin v15.5 - https:\/\/yoast.com\/wordpress\/plugins\/seo\/ -->\n<title>mentions l\u00e9gales - UMANAGEMENT<\/title>\n<meta name=\"robots\" content=\"index, follow, max-snippet:-1, max-image-preview:large, max-video-preview:-1\" \/>\n<link rel=\"canonical\" href=\"https:\/\/umanagement.net\/en\/mentions-legales\/\" \/>\n<meta property=\"og:locale\" content=\"en_GB\" \/>\n<meta property=\"og:type\" content=\"article\" \/>\n<meta property=\"og:title\" content=\"mentions l\u00e9gales - UMANAGEMENT\" \/>\n<meta property=\"og:description\" content=\"mentions l\u00e9gales Editeur UMANAGEMENT SARL, 15\/17 rue Scribe, 75009 ParisSi\u00e8ge social 5 avenue du Haut Brion \u2013 33600 PessacRCS\u00a0Bordeaux 492.682.307 &#8211; SIRET 492.682.307.00011Directeur de publication : Ramine HachemianVous pouvez nous joindre par le biais du formulaire de contact du site. H\u00e9bergement Le Site https:\/\/www.umanagement.net\/ est h\u00e9berg\u00e9 parOVHSAS au capital de 10 069 020 \u20acRCS Lille&hellip;\" \/>\n<meta property=\"og:url\" content=\"https:\/\/umanagement.net\/en\/mentions-legales\/\" \/>\n<meta property=\"og:site_name\" content=\"UMANAGEMENT\" \/>\n<meta property=\"article:modified_time\" content=\"2020-05-28T09:48:14+00:00\" \/>\n<meta name=\"twitter:card\" content=\"summary_large_image\" \/>\n<meta name=\"twitter:label1\" content=\"Estimated reading time\">\n\t<meta name=\"twitter:data1\" content=\"2 minutes\">\n<script type=\"application\/ld+json\" class=\"yoast-schema-graph\">{\"@context\":\"https:\/\/schema.org\",\"@graph\":[{\"@type\":\"Organization\",\"@id\":\"https:\/\/umanagement.net\/#organization\",\"name\":\"UMANAGEMENT\",\"url\":\"https:\/\/umanagement.net\/\",\"sameAs\":[\"https:\/\/www.linkedin.com\/company\/umanagement.fr\"],\"logo\":{\"@type\":\"ImageObject\",\"@id\":\"https:\/\/umanagement.net\/#logo\",\"inLanguage\":\"en-GB\",\"url\":\"https:\/\/umanagement.net\/wp-content\/uploads\/2020\/02\/Um3__.png\",\"width\":85,\"height\":86,\"caption\":\"UMANAGEMENT\"},\"image\":{\"@id\":\"https:\/\/umanagement.net\/#logo\"}},{\"@type\":\"WebSite\",\"@id\":\"https:\/\/umanagement.net\/#website\",\"url\":\"https:\/\/umanagement.net\/\",\"name\":\"UMANAGEMENT\",\"description\":\"L&#039;exp\\u00e9rience \\u00e0 vos c\\u00f4t\\u00e9s\",\"publisher\":{\"@id\":\"https:\/\/umanagement.net\/#organization\"},\"potentialAction\":[{\"@type\":\"SearchAction\",\"target\":\"https:\/\/umanagement.net\/?s={search_term_string}\",\"query-input\":\"required name=search_term_string\"}],\"inLanguage\":\"en-GB\"},{\"@type\":\"WebPage\",\"@id\":\"https:\/\/umanagement.net\/mentions-legales\/#webpage\",\"url\":\"https:\/\/umanagement.net\/mentions-legales\/\",\"name\":\"mentions l\\u00e9gales - UMANAGEMENT\",\"isPartOf\":{\"@id\":\"https:\/\/umanagement.net\/#website\"},\"datePublished\":\"2020-04-16T16:33:03+00:00\",\"dateModified\":\"2020-05-28T09:48:14+00:00\",\"inLanguage\":\"en-GB\",\"potentialAction\":[{\"@type\":\"ReadAction\",\"target\":[\"https:\/\/umanagement.net\/mentions-legales\/\"]}]}]}<\/script>\n<!-- \/ Yoast SEO plugin. -->","_links":{"self":[{"href":"https:\/\/umanagement.net\/en\/wp-json\/wp\/v2\/pages\/1770"}],"collection":[{"href":"https:\/\/umanagement.net\/en\/wp-json\/wp\/v2\/pages"}],"about":[{"href":"https:\/\/umanagement.net\/en\/wp-json\/wp\/v2\/types\/page"}],"author":[{"embeddable":true,"href":"https:\/\/umanagement.net\/en\/wp-json\/wp\/v2\/users\/2"}],"replies":[{"embeddable":true,"href":"https:\/\/umanagement.net\/en\/wp-json\/wp\/v2\/comments?post=1770"}],"version-history":[{"count":26,"href":"https:\/\/umanagement.net\/en\/wp-json\/wp\/v2\/pages\/1770\/revisions"}],"predecessor-version":[{"id":2330,"href":"https:\/\/umanagement.net\/en\/wp-json\/wp\/v2\/pages\/1770\/revisions\/2330"}],"wp:attachment":[{"href":"https:\/\/umanagement.net\/en\/wp-json\/wp\/v2\/media?parent=1770"}],"curies":[{"name":"wp","href":"https:\/\/api.w.org\/{rel}","templated":true}]}}