{"id":1286,"date":"2020-03-31T19:19:31","date_gmt":"2020-03-31T17:19:31","guid":{"rendered":"http:\/\/umanagement.net\/?page_id=1286"},"modified":"2020-12-30T10:10:12","modified_gmt":"2020-12-30T09:10:12","slug":"domaines-d-intervention","status":"publish","type":"page","link":"https:\/\/umanagement.net\/en\/domaines-d-intervention\/","title":{"rendered":"domaines d&rsquo;intervention"},"content":{"rendered":"<h2>DOMAINES D&rsquo;INTERVENTION<\/h2>\n<p><img loading=\"lazy\" src=\"https:\/\/umanagement.net\/wp-content\/uploads\/2020\/04\/umanagement_banque_finance-768x498.jpg\" alt=\"\" srcset=\"https:\/\/umanagement.net\/wp-content\/uploads\/2020\/04\/umanagement_banque_finance-768x498.jpg 768w, https:\/\/umanagement.net\/wp-content\/uploads\/2020\/04\/umanagement_banque_finance-300x195.jpg 300w, https:\/\/umanagement.net\/wp-content\/uploads\/2020\/04\/umanagement_banque_finance.jpg 800w\" sizes=\"(max-width: 768px) 100vw, 768px\" width=\"768\" height=\"498\"><\/p>\n<h3>Finance &amp; Banque de D\u00e9tail<\/h3>\n<ul>\n<li>Canaux de distribution<\/li>\n<li>Produits bancaires<\/li>\n<li>Banque digitale<\/li>\n<li>Mod\u00e8les op\u00e9rationnels<\/li>\n<li>C\u0153ur de banque<\/li>\n<li>Instruments de paiements<\/li>\n<li>Risques op\u00e9rationnels<\/li>\n<li>Reportings r\u00e9glementaires<\/li>\n<li>Fraude<\/li>\n<\/ul>\n<p><img loading=\"lazy\" src=\"https:\/\/umanagement.net\/wp-content\/uploads\/2020\/04\/umanagement_reglementation-768x498.jpg\" alt=\"\" srcset=\"https:\/\/umanagement.net\/wp-content\/uploads\/2020\/04\/umanagement_reglementation-768x498.jpg 768w, https:\/\/umanagement.net\/wp-content\/uploads\/2020\/04\/umanagement_reglementation-300x195.jpg 300w, https:\/\/umanagement.net\/wp-content\/uploads\/2020\/04\/umanagement_reglementation.jpg 800w\" sizes=\"(max-width: 768px) 100vw, 768px\" width=\"768\" height=\"498\"><\/p>\n<h3>R\u00e9glementation<\/h3>\n<ul>\n<li>Conformit\u00e9, s\u00e9curit\u00e9 financi\u00e8re et transparence&nbsp;: AMF\/LT, KYC<\/li>\n<li>Protection du client&nbsp;: MiFID II<\/li>\n<li>Conformit\u00e9 fiscale&nbsp;: FATCA, CERES<\/li>\n<li>Protection des donn\u00e9es personnelles&nbsp;: CNIL, GDPR, e-Privacy<\/li>\n<li>Services de paiement : Directive europ\u00e9enne PSD2<\/li>\n<\/ul>\n<p><img loading=\"lazy\" src=\"https:\/\/umanagement.net\/wp-content\/uploads\/2020\/04\/umanagement_communication-768x498.jpg\" alt=\"\" srcset=\"https:\/\/umanagement.net\/wp-content\/uploads\/2020\/04\/umanagement_communication-768x498.jpg 768w, https:\/\/umanagement.net\/wp-content\/uploads\/2020\/04\/umanagement_communication-300x195.jpg 300w, https:\/\/umanagement.net\/wp-content\/uploads\/2020\/04\/umanagement_communication.jpg 800w\" sizes=\"(max-width: 768px) 100vw, 768px\" width=\"768\" height=\"498\"><\/p>\n<h3>Communication<\/h3>\n<ul>\n<li style=\"text-align: left;\">Mise \u00e0 l\u2019\u00e9chelle Agile<\/li>\n<li>Process Communication Model\u00ae<\/li>\n<li>Coh\u00e9sion d\u2019\u00e9quipe<\/li>\n<li>Conduite de changement<\/li>\n<li>T\u00e9l\u00e9travail des \u00e9quipes<\/li>\n<li>Coaching<\/li>\n<li>Documentation et traduction r\u00e9glementaire<\/li>\n<\/ul>\n<p><img loading=\"lazy\" src=\"https:\/\/umanagement.net\/wp-content\/uploads\/2020\/04\/umanagement_technologies_information_-768x498.jpg\" alt=\"\" srcset=\"https:\/\/umanagement.net\/wp-content\/uploads\/2020\/04\/umanagement_technologies_information_-768x498.jpg 768w, https:\/\/umanagement.net\/wp-content\/uploads\/2020\/04\/umanagement_technologies_information_-300x195.jpg 300w, https:\/\/umanagement.net\/wp-content\/uploads\/2020\/04\/umanagement_technologies_information_.jpg 800w\" sizes=\"(max-width: 768px) 100vw, 768px\" width=\"768\" height=\"498\"><\/p>\n<h3>Technologies<\/h3>\n<ul>\n<li style=\"text-align: left;\">Digital Banking<\/li>\n<li>Bank as a service<\/li>\n<li>OpenApi<\/li>\n<li>CoreBanking<\/li>\n<li>Syst\u00e8mes de paiement<\/li>\n<li>Customer Relationship Management<\/li>\n<li>Marketing digital<\/li>\n<li>Architecture<\/li>\n<li>Data et analyse quantitative<\/li>\n<li>Cyber s\u00e9curit\u00e9<\/li>\n<li>zLegacy<\/li>\n<li>Infrastructures techniques<\/li>\n<\/ul>","protected":false},"excerpt":{"rendered":"<p>DOMAINES D&rsquo;INTERVENTION Finance &amp; Banque de D\u00e9tail Canaux de distribution Produits bancaires Banque digitale Mod\u00e8les op\u00e9rationnels C\u0153ur de banque Instruments de paiements Risques op\u00e9rationnels Reportings r\u00e9glementaires Fraude R\u00e9glementation Conformit\u00e9, s\u00e9curit\u00e9 financi\u00e8re et transparence&nbsp;: AMF\/LT, KYC Protection du client&nbsp;: MiFID II Conformit\u00e9 fiscale&nbsp;: FATCA, CERES Protection des donn\u00e9es personnelles&nbsp;: CNIL, GDPR, e-Privacy Services de paiement :&hellip;<\/p>","protected":false},"author":2,"featured_media":0,"parent":0,"menu_order":0,"comment_status":"closed","ping_status":"closed","template":"","meta":[],"yoast_head":"<!-- This site is optimized with the Yoast SEO plugin v15.5 - https:\/\/yoast.com\/wordpress\/plugins\/seo\/ -->\n<title>domaines d&#039;intervention - UMANAGEMENT<\/title>\n<meta name=\"robots\" content=\"index, follow, max-snippet:-1, max-image-preview:large, max-video-preview:-1\" \/>\n<link rel=\"canonical\" href=\"https:\/\/umanagement.net\/en\/domaines-d-intervention\/\" \/>\n<meta property=\"og:locale\" content=\"en_GB\" \/>\n<meta property=\"og:type\" content=\"article\" \/>\n<meta property=\"og:title\" content=\"domaines d&#039;intervention - UMANAGEMENT\" \/>\n<meta property=\"og:description\" content=\"DOMAINES D&rsquo;INTERVENTION Finance &amp; Banque de D\u00e9tail Canaux de distribution Produits bancaires Banque digitale Mod\u00e8les op\u00e9rationnels C\u0153ur de banque Instruments de paiements Risques op\u00e9rationnels Reportings r\u00e9glementaires Fraude R\u00e9glementation Conformit\u00e9, s\u00e9curit\u00e9 financi\u00e8re et transparence&nbsp;: AMF\/LT, KYC Protection du client&nbsp;: MiFID II Conformit\u00e9 fiscale&nbsp;: FATCA, CERES Protection des donn\u00e9es personnelles&nbsp;: CNIL, GDPR, e-Privacy Services de paiement :&hellip;\" \/>\n<meta property=\"og:url\" content=\"https:\/\/umanagement.net\/en\/domaines-d-intervention\/\" \/>\n<meta property=\"og:site_name\" content=\"UMANAGEMENT\" \/>\n<meta property=\"article:modified_time\" content=\"2020-12-30T09:10:12+00:00\" \/>\n<meta property=\"og:image\" content=\"https:\/\/umanagement.net\/wp-content\/uploads\/2020\/04\/umanagement_banque_finance-768x498.jpg\" \/>\n<meta name=\"twitter:card\" content=\"summary_large_image\" \/>\n<meta name=\"twitter:label1\" content=\"Estimated reading time\">\n\t<meta name=\"twitter:data1\" content=\"1 minute\">\n<script type=\"application\/ld+json\" class=\"yoast-schema-graph\">{\"@context\":\"https:\/\/schema.org\",\"@graph\":[{\"@type\":\"Organization\",\"@id\":\"https:\/\/umanagement.net\/#organization\",\"name\":\"UMANAGEMENT\",\"url\":\"https:\/\/umanagement.net\/\",\"sameAs\":[\"https:\/\/www.linkedin.com\/company\/umanagement.fr\"],\"logo\":{\"@type\":\"ImageObject\",\"@id\":\"https:\/\/umanagement.net\/#logo\",\"inLanguage\":\"en-GB\",\"url\":\"https:\/\/umanagement.net\/wp-content\/uploads\/2020\/02\/Um3__.png\",\"width\":85,\"height\":86,\"caption\":\"UMANAGEMENT\"},\"image\":{\"@id\":\"https:\/\/umanagement.net\/#logo\"}},{\"@type\":\"WebSite\",\"@id\":\"https:\/\/umanagement.net\/#website\",\"url\":\"https:\/\/umanagement.net\/\",\"name\":\"UMANAGEMENT\",\"description\":\"L&#039;exp\\u00e9rience \\u00e0 vos c\\u00f4t\\u00e9s\",\"publisher\":{\"@id\":\"https:\/\/umanagement.net\/#organization\"},\"potentialAction\":[{\"@type\":\"SearchAction\",\"target\":\"https:\/\/umanagement.net\/?s={search_term_string}\",\"query-input\":\"required name=search_term_string\"}],\"inLanguage\":\"en-GB\"},{\"@type\":\"ImageObject\",\"@id\":\"https:\/\/umanagement.net\/domaines-d-intervention\/#primaryimage\",\"inLanguage\":\"en-GB\",\"url\":\"https:\/\/umanagement.net\/wp-content\/uploads\/2020\/04\/umanagement_banque_finance.jpg\",\"width\":800,\"height\":519},{\"@type\":\"WebPage\",\"@id\":\"https:\/\/umanagement.net\/domaines-d-intervention\/#webpage\",\"url\":\"https:\/\/umanagement.net\/domaines-d-intervention\/\",\"name\":\"domaines d'intervention - UMANAGEMENT\",\"isPartOf\":{\"@id\":\"https:\/\/umanagement.net\/#website\"},\"primaryImageOfPage\":{\"@id\":\"https:\/\/umanagement.net\/domaines-d-intervention\/#primaryimage\"},\"datePublished\":\"2020-03-31T17:19:31+00:00\",\"dateModified\":\"2020-12-30T09:10:12+00:00\",\"inLanguage\":\"en-GB\",\"potentialAction\":[{\"@type\":\"ReadAction\",\"target\":[\"https:\/\/umanagement.net\/domaines-d-intervention\/\"]}]}]}<\/script>\n<!-- \/ Yoast SEO plugin. -->","_links":{"self":[{"href":"https:\/\/umanagement.net\/en\/wp-json\/wp\/v2\/pages\/1286"}],"collection":[{"href":"https:\/\/umanagement.net\/en\/wp-json\/wp\/v2\/pages"}],"about":[{"href":"https:\/\/umanagement.net\/en\/wp-json\/wp\/v2\/types\/page"}],"author":[{"embeddable":true,"href":"https:\/\/umanagement.net\/en\/wp-json\/wp\/v2\/users\/2"}],"replies":[{"embeddable":true,"href":"https:\/\/umanagement.net\/en\/wp-json\/wp\/v2\/comments?post=1286"}],"version-history":[{"count":163,"href":"https:\/\/umanagement.net\/en\/wp-json\/wp\/v2\/pages\/1286\/revisions"}],"predecessor-version":[{"id":2368,"href":"https:\/\/umanagement.net\/en\/wp-json\/wp\/v2\/pages\/1286\/revisions\/2368"}],"wp:attachment":[{"href":"https:\/\/umanagement.net\/en\/wp-json\/wp\/v2\/media?parent=1286"}],"curies":[{"name":"wp","href":"https:\/\/api.w.org\/{rel}","templated":true}]}}